{"id":3994,"date":"2024-09-11T19:48:36","date_gmt":"2024-09-11T17:48:36","guid":{"rendered":"http:\/\/saveragroup.com\/%e9%a6%96%e9%a1%b5\/%e7%a0%94%e5%8f%91%e5%88%9b%e6%96%b0\/%e6%8a%80%e6%9c%af\/"},"modified":"2025-05-19T11:50:48","modified_gmt":"2025-05-19T09:50:48","slug":"%e6%8a%80%e6%9c%af","status":"publish","type":"page","link":"https:\/\/www.saveragroup.com\/zh-hans\/%e9%a6%96%e9%a1%b5\/%e7%a0%94%e5%8f%91%e5%88%9b%e6%96%b0\/%e6%8a%80%e6%9c%af\/","title":{"rendered":"\u6280\u672f\u7814\u53d1"},"content":{"rendered":"\n\n\t\t<h1>\n\t\t\t\u521b\u65b0\n\t\t<\/h1>\n\t\t\n\t\t\t<p>\u5728\u585e\u7ef4\u62c9\uff0c\u6211\u4eec\u62e5\u6709\u5f15\u4ee5\u4e3a\u50b2\u7684\u521b\u65b0\u4f20\u7edf\uff0c\u4e0d\u4ec5\u63d0\u5347\u548c\u4f18\u5316\u4e86\u6211\u4eec\u7684\u751f\u4ea7\u5de5\u827a\uff0c\u4e5f\u4f7f\u6211\u4eec\u6210\u4e3a\u8d28\u91cf\u548c\u6548\u7387\u7684\u9886\u5148\u8005\uff0c\u5e76\u5728\u5168\u7403\u8303\u56f4\u5bf9\u884c\u4e1a\u4ea7\u751f\u91cd\u5927\u5f71\u54cd\u3002\u4e00\u4e9b\u5177\u6709\u4ee3\u8868\u6027\u7684\u91cd\u8981\u521b\u65b0\u5305\u62ec\uff1a<\/p>\t\t\n\t\t\t\t\t\t\t<img decoding=\"async\" src=\"https:\/\/www.saveragroup.com\/wp-content\/uploads\/2024\/10\/savera-tecnologias-lineas-1.jpg\" alt=\"Savera - Tecnolog\u00edas - L\u00edneas\" width=\"625\" height=\"455\" \/>\n\t\t\t\t\t\t\t\t\t\t\t\n\t\t\t<p>\u5f00\u53d1<strong>\u81ea\u52a8\u77eb\u76f4\u7ebf<\/strong>\uff0c\u4f18\u5316\u5de5\u827a\u6d41\u7a0b\uff0c\u63d0\u9ad8\u4ea7\u54c1\u7cbe\u5ea6\u3002<\/p>\n\t\t\t\t\t\t\t<img decoding=\"async\" src=\"https:\/\/www.saveragroup.com\/wp-content\/uploads\/2024\/10\/savera-tecnologias-enderezado-1.jpg\" alt=\"Savera - Tecnolog\u00edas - Enderezado\" width=\"625\" height=\"455\" \/>\n\t\t\t\t\t\t\t\t\t\t\t\n\t\t\t<p><strong>5\u7c73\u77eb\u76f4\uff1a<\/strong>\u81ea\u4e3b\u7814\u53d1\u5de5\u827a\uff0c\u4e3a\u9ad8\u8d28\u91cf\u5bfc\u8f68\u6811\u7acb\u4e86\u884c\u4e1a\u65b0\u6807\u51c6\u3002<\/p>\t\t\n\t\t\t\t\t\t\t<img decoding=\"async\" src=\"https:\/\/www.saveragroup.com\/wp-content\/uploads\/2024\/10\/savera-tecnologia-inspeccionado-1.jpg\" alt=\"Savera - Tecnolog\u00edas - Inspeccionado\" width=\"625\" height=\"455\" \/>\n\t\t\t\t\t\t\t\t\t\t\t\n\t\t\t<p><strong>\u81ea\u52a8\u5316\u68c0\u6d4b\u8bbe\u5907<\/strong>\uff0c\u786e\u4fdd100%\u8fc7\u7a0b\u63a7\u5236\u3002<\/p>\t\t\n\t\t\t\t\t\t\t<img decoding=\"async\" src=\"https:\/\/www.saveragroup.com\/wp-content\/uploads\/2024\/10\/savera-tecnologia-cepillo-1.jpg\" alt=\"Savera - Tecnolog\u00edas - Cepillado\" width=\"625\" height=\"455\" \/>\n\t\t\t\t\t\t\t\t\t\t\t\n\t\t\t<p><strong>\u6211\u4eec\u53d1\u660e\u4e86\u5177\u5907\u9ad8\u6548\u4ea7\u80fd\u7684\u62c9\u5228<\/strong>\uff0c\u901a\u8fc7\u5728\u8d28\u91cf\u548c\u6548\u7387\u7b49\u65b9\u9762\u521b\u9020\u6027\u7684\u7a81\u7834\uff0c\u5f7b\u5e95\u6539\u53d8\u4e86\u7535\u68af\u5bfc\u8f68\u7684\u5236\u9020\u5de5\u827a\u3002<\/p>\t\t\n\t\t\t\t\t\t\t<img decoding=\"async\" src=\"https:\/\/www.saveragroup.com\/wp-content\/uploads\/2024\/10\/savera-tecnologias-soluciones-1.jpg\" alt=\"Savera - Tecnolog\u00edas - Soluciones\" width=\"625\" height=\"455\" \/>\n\t\t\t\t\t\t\t\t\t\t\t\n\t\t\t<p><strong>\u6211\u4eec\u5f00\u53d1\u4e86\u5bfc\u8f68\u7aef\u90e8\u52a0\u5de5\u7684\u6a21\u5757\u5316\u89e3\u51b3\u65b9\u6848<\/strong>\uff0c\u5728\u751f\u4ea7\u4e2d\u5177\u6709\u66f4\u5927\u7684\u7075\u6d3b\u6027\u548c\u9002\u5e94\u6027\u3002<\/p>\t\t\n\t\t<h3>\n\t\t\t\u585e\u7ef4\u62c9\u667a\u80fd\u5de5\u5382\n\t\t<\/h3>\n\t\t\t<p>\u6211\u4eec\u521b\u9020\u4e86\u585e\u7ef4\u62c9\u667a\u80fd\u5de5\u5382\uff0c\u4f53\u73b0\u4e86\u6211\u4eec\u5353\u8d8a\u8fd0\u8425\u548c\u7528\u5c16\u7aef\u6280\u672f\u8fd0\u7528\u7684\u80fd\u529b\u3002\u6211\u4eec\u4e3a\u8bbe\u5907\u914d\u5907\u4e86\u7269\u8054\u7f51\u4f20\u611f\u5668\uff0c\u53ef\u4ee5\u5b9e\u65f6\u6355\u83b7\u6570\u636e\u3002\u901a\u8fc7\u5206\u6790\u5de5\u5177\uff0c\u786e\u5b9a\u9700\u8981\u63d0\u5347\u7684\u9886\u57df\uff0c\u505a\u51fa\u6570\u636e\u9a71\u52a8\u7684\u51b3\u7b56\u4f9d\u636e\u3002  <\/p>\t\t\n\t\t<h4>\n\t\t\tModal Box\n\t\t\t\t\t<\/h4>\n\t\t<h5>modal-<\/h5>\n\t\tClick here to edit the &#8220;modal-box&#8221; settings. This text is only for editing and will not appear after you publish the changes.\t\n\t\t\t\t\t\tPreview\n\t\t\tmodal-\n\t\t\t\t\t\t<p><iframe loading=\"lazy\" title=\"Tencent video player\" src=\"https:\/\/v.qq.com\/txp\/iframe\/player.html?vid=y35686yhc0k\" width=\"1188\" height=\"664\" frameborder=\"0\" allowfullscreen=\"allowfullscreen\"><\/iframe><\/p>\n\t\t\t<a href=\"#\" target=\"_self\">\n\t\t\t\t\t\t\t\u89c2\u770b\u89c6\u9891\n\t\t\t\t\t<\/a>\n<h3>\n\t\t\t\u673a\u68b0\u90e8\u4ef6\u6280\u672f\t<\/h3>\n\t\t\t\t\t\t<figure>\n\t\t\t\t\t\t\t<img decoding=\"async\" src=\"https:\/\/www.saveragroup.com\/wp-content\/uploads\/2024\/11\/innovacion-tecnologia-componentes-01.jpg\" alt=\"Savera - Innovaci\u00f3n - Tecnolog\u00eda de componentes mec\u00e1nicos\" srcset=\"https:\/\/www.saveragroup.com\/wp-content\/uploads\/2024\/11\/innovacion-tecnologia-componentes-01.jpg 1188w, https:\/\/www.saveragroup.com\/wp-content\/uploads\/2024\/11\/innovacion-tecnologia-componentes-01-300x133.jpg 300w, https:\/\/www.saveragroup.com\/wp-content\/uploads\/2024\/11\/innovacion-tecnologia-componentes-01-1024x455.jpg 1024w, https:\/\/www.saveragroup.com\/wp-content\/uploads\/2024\/11\/innovacion-tecnologia-componentes-01-768x341.jpg 768w\" width=\"1188\" height=\"528\" \/>\n\t\t\t\t\t\t\t\t\t\t\t\t\t<\/figure>\n\t\t\t\t\t\t<figure>\n\t\t\t\t\t\t\t<img decoding=\"async\" src=\"https:\/\/www.saveragroup.com\/wp-content\/uploads\/2024\/11\/innovacion-tecnologia-componentes-02.jpg\" alt=\"Savera - Innovaci\u00f3n - Tecnolog\u00eda de componentes mec\u00e1nicos\" srcset=\"https:\/\/www.saveragroup.com\/wp-content\/uploads\/2024\/11\/innovacion-tecnologia-componentes-02.jpg 1188w, https:\/\/www.saveragroup.com\/wp-content\/uploads\/2024\/11\/innovacion-tecnologia-componentes-02-300x133.jpg 300w, https:\/\/www.saveragroup.com\/wp-content\/uploads\/2024\/11\/innovacion-tecnologia-componentes-02-1024x455.jpg 1024w, https:\/\/www.saveragroup.com\/wp-content\/uploads\/2024\/11\/innovacion-tecnologia-componentes-02-768x341.jpg 768w\" width=\"1188\" height=\"528\" \/>\n\t\t\t\t\t\t\t\t\t\t\t\t\t<\/figure>\n\t\t\t\t\t\t<figure>\n\t\t\t\t\t\t\t<img decoding=\"async\" src=\"https:\/\/www.saveragroup.com\/wp-content\/uploads\/2024\/11\/innovacion-tecnologia-componentes-03.jpg\" alt=\"Savera - Innovaci\u00f3n - Tecnolog\u00eda de componentes mec\u00e1nicos\" srcset=\"https:\/\/www.saveragroup.com\/wp-content\/uploads\/2024\/11\/innovacion-tecnologia-componentes-03.jpg 1188w, https:\/\/www.saveragroup.com\/wp-content\/uploads\/2024\/11\/innovacion-tecnologia-componentes-03-300x133.jpg 300w, https:\/\/www.saveragroup.com\/wp-content\/uploads\/2024\/11\/innovacion-tecnologia-componentes-03-1024x455.jpg 1024w, https:\/\/www.saveragroup.com\/wp-content\/uploads\/2024\/11\/innovacion-tecnologia-componentes-03-768x341.jpg 768w\" width=\"1188\" height=\"528\" \/>\n\t\t\t\t\t\t\t\t\t\t\t\t\t<\/figure>\n\t\t\t\t\t\t<figure>\n\t\t\t\t\t\t\t<img decoding=\"async\" src=\"https:\/\/www.saveragroup.com\/wp-content\/uploads\/2024\/11\/innovacion-tecnologia-componentes-04.jpg\" alt=\"Savera - Innovaci\u00f3n - Tecnolog\u00eda de componentes mec\u00e1nicos\" srcset=\"https:\/\/www.saveragroup.com\/wp-content\/uploads\/2024\/11\/innovacion-tecnologia-componentes-04.jpg 1188w, https:\/\/www.saveragroup.com\/wp-content\/uploads\/2024\/11\/innovacion-tecnologia-componentes-04-300x133.jpg 300w, https:\/\/www.saveragroup.com\/wp-content\/uploads\/2024\/11\/innovacion-tecnologia-componentes-04-1024x455.jpg 1024w, https:\/\/www.saveragroup.com\/wp-content\/uploads\/2024\/11\/innovacion-tecnologia-componentes-04-768x341.jpg 768w\" width=\"1188\" height=\"528\" \/>\n\t\t\t\t\t\t\t\t\t\t\t\t\t<\/figure>\n\t\t\t\t\t\t<figure>\n\t\t\t\t\t\t\t<img decoding=\"async\" src=\"https:\/\/www.saveragroup.com\/wp-content\/uploads\/2024\/11\/innovacion-tecnologia-componentes-05.jpg\" alt=\"Savera - Innovaci\u00f3n - Tecnolog\u00eda de componentes mec\u00e1nicos\" srcset=\"https:\/\/www.saveragroup.com\/wp-content\/uploads\/2024\/11\/innovacion-tecnologia-componentes-05.jpg 1188w, https:\/\/www.saveragroup.com\/wp-content\/uploads\/2024\/11\/innovacion-tecnologia-componentes-05-300x133.jpg 300w, https:\/\/www.saveragroup.com\/wp-content\/uploads\/2024\/11\/innovacion-tecnologia-componentes-05-1024x455.jpg 1024w, https:\/\/www.saveragroup.com\/wp-content\/uploads\/2024\/11\/innovacion-tecnologia-componentes-05-768x341.jpg 768w\" width=\"1188\" height=\"528\" \/>\n\t\t\t\t\t\t\t\t\t\t\t\t\t<\/figure>\n\t\t\t\t\t\t<figure>\n\t\t\t\t\t\t\t<img decoding=\"async\" src=\"https:\/\/www.saveragroup.com\/wp-content\/uploads\/2024\/11\/innovacion-tecnologia-componentes-06.jpg\" alt=\"Savera - Innovaci\u00f3n - Tecnolog\u00eda de componentes mec\u00e1nicos\" srcset=\"https:\/\/www.saveragroup.com\/wp-content\/uploads\/2024\/11\/innovacion-tecnologia-componentes-06.jpg 1188w, https:\/\/www.saveragroup.com\/wp-content\/uploads\/2024\/11\/innovacion-tecnologia-componentes-06-300x133.jpg 300w, https:\/\/www.saveragroup.com\/wp-content\/uploads\/2024\/11\/innovacion-tecnologia-componentes-06-1024x455.jpg 1024w, https:\/\/www.saveragroup.com\/wp-content\/uploads\/2024\/11\/innovacion-tecnologia-componentes-06-768x341.jpg 768w\" width=\"1188\" height=\"528\" \/>\n\t\t\t\t\t\t\t\t\t\t\t\t\t<\/figure>\n\t<p>\u6211\u4eec\u7684\u673a\u68b0\u90e8\u4ef6\u4e1a\u52a1\u90e8\u95e8\u62e5\u6709\u6700\u5148\u8fdb\u7684\u94a3\u91d1\u52a0\u5de5\u6280\u672f\uff1a\u51b2\u5b54\u3001\u6fc0\u5149\u5207\u5272\u3001\u6298\u5f2f\u3001\u710a\u63a5\u3001\u6d82\u88c5\u7b49\u3002\u751f\u4ea7\u533a\u57df\u5b9e\u73b0\u81ea\u52a8\u5316\uff0c\u80fd\u591f\u786e\u4fdd\u751f\u4ea7\u5b89\u5168\uff0c\u8d28\u91cf\u4ee5\u53ca\u4ea4\u4ed8\u65f6\u95f4\u3002 <\/p>\n\t\t\t<a href=\"https:\/\/www.saveragroup.com\/zh-hans\/%e9%a6%96%e9%a1%b5\/%e4%ba%a7%e5%93%81%e4%b8%8e%e6%9c%8d%e5%8a%a1\/#componentes\" target=\"_self\">\n\t\t\t\t\t\t\t\u90e8\u4ef6\u4e1a\u52a1\n\t\t\t\t\t<\/a>\n\n","protected":false},"excerpt":{"rendered":"<p>\u521b\u65b0 \u5728\u585e\u7ef4\u62c9\uff0c\u6211\u4eec\u62e5\u6709\u5f15\u4ee5\u4e3a\u50b2\u7684\u521b\u65b0\u4f20\u7edf\uff0c\u4e0d\u4ec5\u63d0\u5347\u548c\u4f18\u5316\u4e86\u6211\u4eec\u7684\u751f\u4ea7\u5de5\u827a\uff0c\u4e5f\u4f7f\u6211\u4eec\u6210\u4e3a\u8d28\u91cf\u548c\u6548\u7387\u7684\u9886\u5148\u8005\uff0c\u5e76&hellip;<\/p>\n","protected":false},"author":1,"featured_media":0,"parent":3992,"menu_order":28,"comment_status":"closed","ping_status":"closed","template":"","meta":{"_acf_changed":false,"footnotes":""},"class_list":["post-3994","page","type-page","status-publish","hentry"],"acf":[],"_links":{"self":[{"href":"https:\/\/www.saveragroup.com\/zh-hans\/wp-json\/wp\/v2\/pages\/3994","targetHints":{"allow":["GET"]}}],"collection":[{"href":"https:\/\/www.saveragroup.com\/zh-hans\/wp-json\/wp\/v2\/pages"}],"about":[{"href":"https:\/\/www.saveragroup.com\/zh-hans\/wp-json\/wp\/v2\/types\/page"}],"author":[{"embeddable":true,"href":"https:\/\/www.saveragroup.com\/zh-hans\/wp-json\/wp\/v2\/users\/1"}],"replies":[{"embeddable":true,"href":"https:\/\/www.saveragroup.com\/zh-hans\/wp-json\/wp\/v2\/comments?post=3994"}],"version-history":[{"count":6,"href":"https:\/\/www.saveragroup.com\/zh-hans\/wp-json\/wp\/v2\/pages\/3994\/revisions"}],"predecessor-version":[{"id":4390,"href":"https:\/\/www.saveragroup.com\/zh-hans\/wp-json\/wp\/v2\/pages\/3994\/revisions\/4390"}],"up":[{"embeddable":true,"href":"https:\/\/www.saveragroup.com\/zh-hans\/wp-json\/wp\/v2\/pages\/3992"}],"wp:attachment":[{"href":"https:\/\/www.saveragroup.com\/zh-hans\/wp-json\/wp\/v2\/media?parent=3994"}],"curies":[{"name":"wp","href":"https:\/\/api.w.org\/{rel}","templated":true}]}}