{"id":3412,"date":"2024-09-11T19:48:36","date_gmt":"2024-09-11T17:48:36","guid":{"rendered":"http:\/\/saveragroup.com\/home\/innovation\/technology\/"},"modified":"2025-01-30T14:47:41","modified_gmt":"2025-01-30T13:47:41","slug":"technology","status":"publish","type":"page","link":"https:\/\/www.saveragroup.com\/en\/home\/innovation\/technology\/","title":{"rendered":"Technology"},"content":{"rendered":"\n\n\t\t<h1>\n\t\t\tINNOVATION\n\t\t<\/h1>\n\t\t\n\t\t\t<p>At Savera, we are proud of our legacy of innovation, which has not only enhanced our internal processes, establishing us as a leader in quality and efficiency, but has also made a significant impact on the industry globally.Some of our most significant milestones include:<\/p>\t\t\n\t\t\t\t\t\t\t<img decoding=\"async\" src=\"https:\/\/www.saveragroup.com\/wp-content\/uploads\/2024\/10\/savera-tecnologias-lineas-1.jpg\" alt=\"Savera - Tecnolog\u00edas - L\u00edneas\" width=\"625\" height=\"455\" \/>\n\t\t\n\t\t\t<p>Development of <strong>automatic straightening lines<\/strong> that optimize workflow and enhance the precision of our products.<\/p>\t\t\n\t\t\t\t\t\t\t<img decoding=\"async\" src=\"https:\/\/www.saveragroup.com\/wp-content\/uploads\/2024\/10\/savera-tecnologias-enderezado-1.jpg\" alt=\"Savera - Tecnolog\u00edas - Enderezado\" width=\"625\" height=\"455\" \/>\n\t\t\n\t\t\t<p><strong>5 meter straightening:<\/strong> A proprietary design that has set a new industry standard for high quality guide rails.<\/p>\t\t\n\t\t\t\t\t\t\t<img decoding=\"async\" src=\"https:\/\/www.saveragroup.com\/wp-content\/uploads\/2024\/10\/savera-tecnologia-inspeccionado-1.jpg\" alt=\"Savera - Tecnolog\u00edas - Inspeccionado\" width=\"625\" height=\"455\" \/>\n\t\t\n\t\t\t<p>Implementation of <strong>automated inspection machines<\/strong> to guarantee 100% process control.<\/p>\t\t\n\t\t\t\t\t\t\t<img decoding=\"async\" src=\"https:\/\/www.saveragroup.com\/wp-content\/uploads\/2024\/10\/savera-tecnologia-cepillo-1.jpg\" alt=\"Savera - Tecnolog\u00edas - Cepillado\" width=\"625\" height=\"455\" \/>\n\t\t\n\t\t\t<p>We have invented the <strong>high-capacity super planer<\/strong>, a breakthrough that revolutionized guide rail manufacturing by improving both quality and efficiency.<\/p>\t\t\n\t\t\t\t\t\t\t<img decoding=\"async\" src=\"https:\/\/www.saveragroup.com\/wp-content\/uploads\/2024\/10\/savera-tecnologias-soluciones-1.jpg\" alt=\"Savera - Tecnolog\u00edas - Soluciones\" width=\"625\" height=\"455\" \/>\n\t\t\n\t\t\t<p>We have developed <strong>modular solutions for ends machining<\/strong>, allowing for greater flexibility and adaptability in production.<\/p>\t\t\n\t\t<h3>\n\t\t\tSavera Smart Factory\n\t\t<\/h3>\n\t\t\t<p>We have developed the Savera Smart Factory, a reflection of our commitment to operational excellence and the adoption of cutting-edge technologies. We equip our machines with IoT sensors that capture data in real time. Using advanced analytics, we identify areas for improvement and make data-driven decisions.  <\/p>\t\t\n\t\t<h4>\n\t\t\tModal Box\n\t\t\t\t\t<\/h4>\n\t\t<h5>modal-<\/h5>\n\t\tClick here to edit the &#8220;modal-box&#8221; settings. This text is only for editing and will not appear after you publish the changes.\t\n\t\t\t\t\t\tPreview\n\t\t\tmodal-\n\t\t\t\t\t\t<p><iframe loading=\"lazy\" title=\"YouTube video player\" src=\"https:\/\/www.youtube.com\/embed\/lsiDCpOJQ78?si=Exl7_oeZya3L8eyQ\" width=\"1188\" height=\"664\" frameborder=\"0\" allowfullscreen=\"allowfullscreen\"><\/iframe><\/p>\n\t\t\t<a href=\"#\" target=\"_self\">\n\t\t\t\t\t\t\tWATCH VIDEO\n\t\t\t\t\t<\/a>\n<h3>\n\t\tMechanical components technology\n\t<\/h3>\n\t\t\t\t\t\t<figure>\n\t\t\t\t\t\t\t<img decoding=\"async\" src=\"https:\/\/www.saveragroup.com\/wp-content\/uploads\/2024\/11\/innovacion-tecnologia-componentes-01.jpg\" alt=\"Savera - Innovaci\u00f3n - Tecnolog\u00eda de componentes mec\u00e1nicos\" srcset=\"https:\/\/www.saveragroup.com\/wp-content\/uploads\/2024\/11\/innovacion-tecnologia-componentes-01.jpg 1188w, https:\/\/www.saveragroup.com\/wp-content\/uploads\/2024\/11\/innovacion-tecnologia-componentes-01-300x133.jpg 300w, https:\/\/www.saveragroup.com\/wp-content\/uploads\/2024\/11\/innovacion-tecnologia-componentes-01-1024x455.jpg 1024w, https:\/\/www.saveragroup.com\/wp-content\/uploads\/2024\/11\/innovacion-tecnologia-componentes-01-768x341.jpg 768w\" width=\"1188\" height=\"528\" \/>\n\t\t\t\t\t\t\t\t\t\t\t\t\t<\/figure>\n\t\t\t\t\t\t<figure>\n\t\t\t\t\t\t\t<img decoding=\"async\" src=\"https:\/\/www.saveragroup.com\/wp-content\/uploads\/2024\/11\/innovacion-tecnologia-componentes-02.jpg\" alt=\"Savera - Innovaci\u00f3n - Tecnolog\u00eda de componentes mec\u00e1nicos\" srcset=\"https:\/\/www.saveragroup.com\/wp-content\/uploads\/2024\/11\/innovacion-tecnologia-componentes-02.jpg 1188w, https:\/\/www.saveragroup.com\/wp-content\/uploads\/2024\/11\/innovacion-tecnologia-componentes-02-300x133.jpg 300w, https:\/\/www.saveragroup.com\/wp-content\/uploads\/2024\/11\/innovacion-tecnologia-componentes-02-1024x455.jpg 1024w, https:\/\/www.saveragroup.com\/wp-content\/uploads\/2024\/11\/innovacion-tecnologia-componentes-02-768x341.jpg 768w\" width=\"1188\" height=\"528\" \/>\n\t\t\t\t\t\t\t\t\t\t\t\t\t<\/figure>\n\t\t\t\t\t\t<figure>\n\t\t\t\t\t\t\t<img decoding=\"async\" src=\"https:\/\/www.saveragroup.com\/wp-content\/uploads\/2024\/11\/innovacion-tecnologia-componentes-03.jpg\" alt=\"Savera - Innovaci\u00f3n - Tecnolog\u00eda de componentes mec\u00e1nicos\" srcset=\"https:\/\/www.saveragroup.com\/wp-content\/uploads\/2024\/11\/innovacion-tecnologia-componentes-03.jpg 1188w, https:\/\/www.saveragroup.com\/wp-content\/uploads\/2024\/11\/innovacion-tecnologia-componentes-03-300x133.jpg 300w, https:\/\/www.saveragroup.com\/wp-content\/uploads\/2024\/11\/innovacion-tecnologia-componentes-03-1024x455.jpg 1024w, https:\/\/www.saveragroup.com\/wp-content\/uploads\/2024\/11\/innovacion-tecnologia-componentes-03-768x341.jpg 768w\" width=\"1188\" height=\"528\" \/>\n\t\t\t\t\t\t\t\t\t\t\t\t\t<\/figure>\n\t\t\t\t\t\t<figure>\n\t\t\t\t\t\t\t<img decoding=\"async\" src=\"https:\/\/www.saveragroup.com\/wp-content\/uploads\/2024\/11\/innovacion-tecnologia-componentes-04.jpg\" alt=\"Savera - Innovaci\u00f3n - Tecnolog\u00eda de componentes mec\u00e1nicos\" srcset=\"https:\/\/www.saveragroup.com\/wp-content\/uploads\/2024\/11\/innovacion-tecnologia-componentes-04.jpg 1188w, https:\/\/www.saveragroup.com\/wp-content\/uploads\/2024\/11\/innovacion-tecnologia-componentes-04-300x133.jpg 300w, https:\/\/www.saveragroup.com\/wp-content\/uploads\/2024\/11\/innovacion-tecnologia-componentes-04-1024x455.jpg 1024w, https:\/\/www.saveragroup.com\/wp-content\/uploads\/2024\/11\/innovacion-tecnologia-componentes-04-768x341.jpg 768w\" width=\"1188\" height=\"528\" \/>\n\t\t\t\t\t\t\t\t\t\t\t\t\t<\/figure>\n\t\t\t\t\t\t<figure>\n\t\t\t\t\t\t\t<img decoding=\"async\" src=\"https:\/\/www.saveragroup.com\/wp-content\/uploads\/2024\/11\/innovacion-tecnologia-componentes-05.jpg\" alt=\"Savera - Innovaci\u00f3n - Tecnolog\u00eda de componentes mec\u00e1nicos\" srcset=\"https:\/\/www.saveragroup.com\/wp-content\/uploads\/2024\/11\/innovacion-tecnologia-componentes-05.jpg 1188w, https:\/\/www.saveragroup.com\/wp-content\/uploads\/2024\/11\/innovacion-tecnologia-componentes-05-300x133.jpg 300w, https:\/\/www.saveragroup.com\/wp-content\/uploads\/2024\/11\/innovacion-tecnologia-componentes-05-1024x455.jpg 1024w, https:\/\/www.saveragroup.com\/wp-content\/uploads\/2024\/11\/innovacion-tecnologia-componentes-05-768x341.jpg 768w\" width=\"1188\" height=\"528\" \/>\n\t\t\t\t\t\t\t\t\t\t\t\t\t<\/figure>\n\t\t\t\t\t\t<figure>\n\t\t\t\t\t\t\t<img decoding=\"async\" src=\"https:\/\/www.saveragroup.com\/wp-content\/uploads\/2024\/11\/innovacion-tecnologia-componentes-06.jpg\" alt=\"Savera - Innovaci\u00f3n - Tecnolog\u00eda de componentes mec\u00e1nicos\" srcset=\"https:\/\/www.saveragroup.com\/wp-content\/uploads\/2024\/11\/innovacion-tecnologia-componentes-06.jpg 1188w, https:\/\/www.saveragroup.com\/wp-content\/uploads\/2024\/11\/innovacion-tecnologia-componentes-06-300x133.jpg 300w, https:\/\/www.saveragroup.com\/wp-content\/uploads\/2024\/11\/innovacion-tecnologia-componentes-06-1024x455.jpg 1024w, https:\/\/www.saveragroup.com\/wp-content\/uploads\/2024\/11\/innovacion-tecnologia-componentes-06-768x341.jpg 768w\" width=\"1188\" height=\"528\" \/>\n\t\t\t\t\t\t\t\t\t\t\t\t\t<\/figure>\n\t\t\t\t\t\t\t\t\t\t\t<!-- pagination -->\n\t<p>Our mechanical components division operates manufacturing centers with the most advanced technology for sheet metal processing: punching, laser cutting, bending, welding and painting. Fully automated areas to guarantee the safety of our staff, product quality and delivery times.<\/p>\n<p>The processes are fully digitalized and interconnected via information systems designed and developed by our team of analysts and programmers. <\/p>\n\t\t\t<a href=\"https:\/\/www.saveragroup.com\/en\/home\/products-and-services\/#componentes\" target=\"_self\">\n\t\t\t\t\t\t\tMECHANICAL COMPONENTS\n\t\t\t\t\t<\/a>\n\n","protected":false},"excerpt":{"rendered":"<p>INNOVATION At Savera, we are proud of our legacy of innovation, which has not only enhanced our internal processes, establishing us as a leader in quality and efficiency, but has also made a significant impact on the industry globally.Some of our most significant milestones include: Development of automatic straightening lines that optimize workflow and enhance&hellip;<\/p>\n","protected":false},"author":1,"featured_media":0,"parent":3410,"menu_order":28,"comment_status":"closed","ping_status":"closed","template":"","meta":{"_acf_changed":false,"footnotes":""},"class_list":["post-3412","page","type-page","status-publish","hentry"],"acf":[],"_links":{"self":[{"href":"https:\/\/www.saveragroup.com\/en\/wp-json\/wp\/v2\/pages\/3412","targetHints":{"allow":["GET"]}}],"collection":[{"href":"https:\/\/www.saveragroup.com\/en\/wp-json\/wp\/v2\/pages"}],"about":[{"href":"https:\/\/www.saveragroup.com\/en\/wp-json\/wp\/v2\/types\/page"}],"author":[{"embeddable":true,"href":"https:\/\/www.saveragroup.com\/en\/wp-json\/wp\/v2\/users\/1"}],"replies":[{"embeddable":true,"href":"https:\/\/www.saveragroup.com\/en\/wp-json\/wp\/v2\/comments?post=3412"}],"version-history":[{"count":7,"href":"https:\/\/www.saveragroup.com\/en\/wp-json\/wp\/v2\/pages\/3412\/revisions"}],"predecessor-version":[{"id":4331,"href":"https:\/\/www.saveragroup.com\/en\/wp-json\/wp\/v2\/pages\/3412\/revisions\/4331"}],"up":[{"embeddable":true,"href":"https:\/\/www.saveragroup.com\/en\/wp-json\/wp\/v2\/pages\/3410"}],"wp:attachment":[{"href":"https:\/\/www.saveragroup.com\/en\/wp-json\/wp\/v2\/media?parent=3412"}],"curies":[{"name":"wp","href":"https:\/\/api.w.org\/{rel}","templated":true}]}}